{"id":102,"date":"2023-08-30T18:13:43","date_gmt":"2023-08-30T16:13:43","guid":{"rendered":"http:\/\/mchochlik.cz.white.globenet.cz\/wordpress\/?page_id=102"},"modified":"2026-01-21T07:42:32","modified_gmt":"2026-01-21T06:42:32","slug":"ockovani","status":"publish","type":"page","link":"https:\/\/mchochlik.cz\/index.php\/ockovani\/","title":{"rendered":"O\u010dkov\u00e1n\u00ed &#8211; ch\u0159ipka"},"content":{"rendered":"<p>O\u010dkov\u00e1n\u00ed proti ch\u0159ipce jsme pro sez\u00f3nu 2025\/2026 ji\u017e ukon\u010dili.<\/p>\n<p>&nbsp;<\/p>\n","protected":false},"excerpt":{"rendered":"<p>O\u010dkov\u00e1n\u00ed proti ch\u0159ipce jsme pro sez\u00f3nu 2025\/2026 ji\u017e ukon\u010dili. &nbsp;<\/p>\n","protected":false},"author":1,"featured_media":0,"parent":0,"menu_order":0,"comment_status":"closed","ping_status":"closed","template":"","meta":{"footnotes":""},"class_list":["post-102","page","type-page","status-publish","hentry"],"aioseo_notices":[],"_links":{"self":[{"href":"https:\/\/mchochlik.cz\/index.php\/wp-json\/wp\/v2\/pages\/102","targetHints":{"allow":["GET"]}}],"collection":[{"href":"https:\/\/mchochlik.cz\/index.php\/wp-json\/wp\/v2\/pages"}],"about":[{"href":"https:\/\/mchochlik.cz\/index.php\/wp-json\/wp\/v2\/types\/page"}],"author":[{"embeddable":true,"href":"https:\/\/mchochlik.cz\/index.php\/wp-json\/wp\/v2\/users\/1"}],"replies":[{"embeddable":true,"href":"https:\/\/mchochlik.cz\/index.php\/wp-json\/wp\/v2\/comments?post=102"}],"version-history":[{"count":11,"href":"https:\/\/mchochlik.cz\/index.php\/wp-json\/wp\/v2\/pages\/102\/revisions"}],"predecessor-version":[{"id":346,"href":"https:\/\/mchochlik.cz\/index.php\/wp-json\/wp\/v2\/pages\/102\/revisions\/346"}],"wp:attachment":[{"href":"https:\/\/mchochlik.cz\/index.php\/wp-json\/wp\/v2\/media?parent=102"}],"curies":[{"name":"wp","href":"https:\/\/api.w.org\/{rel}","templated":true}]}}