{"id":115,"date":"2023-09-06T18:54:51","date_gmt":"2023-09-06T16:54:51","guid":{"rendered":"http:\/\/mchochlik.cz.white.globenet.cz\/wordpress\/?page_id=115"},"modified":"2026-04-20T12:00:25","modified_gmt":"2026-04-20T10:00:25","slug":"nepritomnost","status":"publish","type":"page","link":"https:\/\/mchochlik.cz\/index.php\/nepritomnost\/","title":{"rendered":"Nep\u0159\u00edtomnost"},"content":{"rendered":"<p><strong>Pl\u00e1novan\u00e1 nep\u0159\u00edtomnost:<\/strong><\/p>\n<p>30. dubna<\/p>\n<p>14. &#8211; 15. kv\u011btna<\/p>\n<p>5. \u010dervna<\/p>\n<p>6. a\u017e 17. \u010dervence<\/p>\n<p>17. &#8211; 21. srpna<\/p>\n<p>29. a\u017e 30. \u0159\u00edjna<\/p>\n<p>&nbsp;<\/p>\n<p><strong>Akutn\u00ed p\u0159\u00edpady<\/strong> o\u0161et\u0159\u00ed\u00a0<strong>MUDr. Silvie Pivni\u010dkov\u00e1<\/strong>\u00a0 (tat\u00e1\u017e adresa, druh\u00e1 strana patra), <a href=\"https:\/\/www.dr-pivnickova.cz\/\">https:\/\/www.dr-pivnickova.cz\/<\/a> tel. <b>541 240 455<\/b><strong>).<\/strong><\/p>\n<p>&nbsp;<\/p>\n<p>Pros\u00edm, z\u00e1stup\u00a0<strong>nezneu\u017e\u00edvejte<\/strong>. Je nutn\u00e9 se p\u0159edem telefonicky domluvit na o\u0161et\u0159en\u00ed.<\/p>\n<p>Z\u00e1stup se net\u00fdk\u00e1 v\u00edkend\u016f a sv\u00e1tk\u016f + z\u00e1vodn\u00ed p\u00e9\u010de + administrativy (v\u00fdpisy, prohl\u00eddky do pr\u00e1ce, \u0158P atd.).<\/p>\n","protected":false},"excerpt":{"rendered":"<p>Pl\u00e1novan\u00e1 nep\u0159\u00edtomnost: 30. dubna 14. &#8211; 15. kv\u011btna 5. \u010dervna 6. a\u017e 17. \u010dervence 17. &#8211; 21. srpna 29. a\u017e 30. \u0159\u00edjna &nbsp; Akutn\u00ed p\u0159\u00edpady o\u0161et\u0159\u00ed\u00a0MUDr. Silvie Pivni\u010dkov\u00e1\u00a0 (tat\u00e1\u017e adresa, druh\u00e1 strana patra), https:\/\/www.dr-pivnickova.cz\/ tel. 541 240 455). &nbsp; Pros\u00edm, z\u00e1stup\u00a0nezneu\u017e\u00edvejte. Je nutn\u00e9 se p\u0159edem telefonicky domluvit na o\u0161et\u0159en\u00ed. Z\u00e1stup se net\u00fdk\u00e1 v\u00edkend\u016f a sv\u00e1tk\u016f &hellip; <\/p>\n","protected":false},"author":1,"featured_media":0,"parent":0,"menu_order":0,"comment_status":"closed","ping_status":"closed","template":"","meta":{"footnotes":""},"class_list":["post-115","page","type-page","status-publish","hentry"],"aioseo_notices":[],"_links":{"self":[{"href":"https:\/\/mchochlik.cz\/index.php\/wp-json\/wp\/v2\/pages\/115","targetHints":{"allow":["GET"]}}],"collection":[{"href":"https:\/\/mchochlik.cz\/index.php\/wp-json\/wp\/v2\/pages"}],"about":[{"href":"https:\/\/mchochlik.cz\/index.php\/wp-json\/wp\/v2\/types\/page"}],"author":[{"embeddable":true,"href":"https:\/\/mchochlik.cz\/index.php\/wp-json\/wp\/v2\/users\/1"}],"replies":[{"embeddable":true,"href":"https:\/\/mchochlik.cz\/index.php\/wp-json\/wp\/v2\/comments?post=115"}],"version-history":[{"count":62,"href":"https:\/\/mchochlik.cz\/index.php\/wp-json\/wp\/v2\/pages\/115\/revisions"}],"predecessor-version":[{"id":353,"href":"https:\/\/mchochlik.cz\/index.php\/wp-json\/wp\/v2\/pages\/115\/revisions\/353"}],"wp:attachment":[{"href":"https:\/\/mchochlik.cz\/index.php\/wp-json\/wp\/v2\/media?parent=115"}],"curies":[{"name":"wp","href":"https:\/\/api.w.org\/{rel}","templated":true}]}}