{"id":12,"date":"2023-05-16T21:17:31","date_gmt":"2023-05-16T19:17:31","guid":{"rendered":"http:\/\/mchochlik.cz.white.globenet.cz\/wordpress\/?page_id=12"},"modified":"2025-06-05T09:38:28","modified_gmt":"2025-06-05T07:38:28","slug":"domu","status":"publish","type":"page","link":"https:\/\/mchochlik.cz\/","title":{"rendered":"\u00davodn\u00ed str\u00e1nka"},"content":{"rendered":"<p><meta name=\"google-site-verification\" content=\"BVfI28kfQw75PRCNCgM0rM3IQFxK_sOPhbx2pxy3JUA\" \/><\/p>\n<p>V\u00edtejte na str\u00e1nk\u00e1ch\u00a0<strong>v\u0161eobecn\u00e9ho praktick\u00e9ho l\u00e9ka\u0159e pro dosp\u011bl\u00e9<\/strong>, kter\u00e1 se nach\u00e1z\u00ed v\u00a0<strong>Brn\u011b, na Palack\u00e9ho t\u0159\u00edd\u011b 137<\/strong>.<\/p>\n<p>&nbsp;<\/p>\n<p>Poskytovan\u00e9 slu\u017eby:<\/p>\n<p>&#8211; diagnostick\u00e1 a l\u00e9\u010debn\u00e1 p\u00e9\u010de v oboru v\u0161eobecn\u00e9 praktick\u00e9 l\u00e9ka\u0159stv\u00ed (v\u010d.\u00a0<strong>EKG, glukometru, oxymetru<\/strong>)<\/p>\n<p>&#8211;\u00a0ur\u010dujeme hladinu\u00a0<strong>CRP<\/strong>\u00a0z kapky krve z prstu a takt\u00e9\u017e jsme schopni do 5 minut odhalit p\u0159\u00edtomnost\u00a0<strong>streptokoka<\/strong>\u00a0v krku<\/p>\n<p>&#8211; od 1.1.2025 m\u00e1me nov\u011b v ordinaci i <strong>tlakov\u00fd holter<\/strong>, k jeho nasazen\u00ed je pot\u0159eba se p\u0159edem objednat<\/p>\n<p>&#8211; preventivn\u00ed prohl\u00eddky<\/p>\n<p>&#8211; o\u010dkov\u00e1n\u00ed hrazen\u00e9 ze zdravotn\u00edho poji\u0161t\u011bn\u00ed<\/p>\n<p>&#8211; nadstandardn\u00ed o\u010dkov\u00e1n\u00ed<\/p>\n<p>&#8211; z\u00e1vodn\u00ed p\u00e9\u010de<\/p>\n<p>&nbsp;<\/p>\n<p><strong><span style=\"color: #ff0000;\">P\u0159e\u0161li jsme na objedn\u00e1vkov\u00fd syst\u00e9m, p\u0159edem je pot\u0159eba v\u017edy zavolat.<\/span><\/strong><\/p>\n<p><strong>Registrace je mo\u017en\u00e1 pouze po p\u0159edchoz\u00ed tel. domluv\u011b &#8211; t.\u010d. je kapacita ordinace vy\u010derpan\u00e1.<\/strong><\/p>\n","protected":false},"excerpt":{"rendered":"<p>V\u00edtejte na str\u00e1nk\u00e1ch\u00a0v\u0161eobecn\u00e9ho praktick\u00e9ho l\u00e9ka\u0159e pro dosp\u011bl\u00e9, kter\u00e1 se nach\u00e1z\u00ed v\u00a0Brn\u011b, na Palack\u00e9ho t\u0159\u00edd\u011b 137. &nbsp; Poskytovan\u00e9 slu\u017eby: &#8211; diagnostick\u00e1 a l\u00e9\u010debn\u00e1 p\u00e9\u010de v oboru v\u0161eobecn\u00e9 praktick\u00e9 l\u00e9ka\u0159stv\u00ed (v\u010d.\u00a0EKG, glukometru, oxymetru) &#8211;\u00a0ur\u010dujeme hladinu\u00a0CRP\u00a0z kapky krve z prstu a takt\u00e9\u017e jsme schopni do 5 minut odhalit p\u0159\u00edtomnost\u00a0streptokoka\u00a0v krku &#8211; od 1.1.2025 m\u00e1me nov\u011b v ordinaci i &hellip; <\/p>\n","protected":false},"author":1,"featured_media":0,"parent":0,"menu_order":0,"comment_status":"closed","ping_status":"closed","template":"","meta":{"footnotes":""},"class_list":["post-12","page","type-page","status-publish","hentry"],"aioseo_notices":[],"_links":{"self":[{"href":"https:\/\/mchochlik.cz\/index.php\/wp-json\/wp\/v2\/pages\/12","targetHints":{"allow":["GET"]}}],"collection":[{"href":"https:\/\/mchochlik.cz\/index.php\/wp-json\/wp\/v2\/pages"}],"about":[{"href":"https:\/\/mchochlik.cz\/index.php\/wp-json\/wp\/v2\/types\/page"}],"author":[{"embeddable":true,"href":"https:\/\/mchochlik.cz\/index.php\/wp-json\/wp\/v2\/users\/1"}],"replies":[{"embeddable":true,"href":"https:\/\/mchochlik.cz\/index.php\/wp-json\/wp\/v2\/comments?post=12"}],"version-history":[{"count":12,"href":"https:\/\/mchochlik.cz\/index.php\/wp-json\/wp\/v2\/pages\/12\/revisions"}],"predecessor-version":[{"id":288,"href":"https:\/\/mchochlik.cz\/index.php\/wp-json\/wp\/v2\/pages\/12\/revisions\/288"}],"wp:attachment":[{"href":"https:\/\/mchochlik.cz\/index.php\/wp-json\/wp\/v2\/media?parent=12"}],"curies":[{"name":"wp","href":"https:\/\/api.w.org\/{rel}","templated":true}]}}