{"id":126,"date":"2023-09-06T19:08:43","date_gmt":"2023-09-06T17:08:43","guid":{"rendered":"http:\/\/mchochlik.cz.white.globenet.cz\/wordpress\/?page_id=126"},"modified":"2023-09-06T19:14:46","modified_gmt":"2023-09-06T17:14:46","slug":"personalni-obsazeni","status":"publish","type":"page","link":"https:\/\/mchochlik.cz\/index.php\/personalni-obsazeni\/","title":{"rendered":"Person\u00e1ln\u00ed obsazen\u00ed"},"content":{"rendered":"<p><strong>L\u00c9KA\u0158: \u00a0<\/strong><\/p>\n<p><strong>MUDr. Martin Chochl\u00edk <\/strong><\/p>\n<p><strong>\u00a0vzd\u011bl\u00e1n\u00ed<\/strong><\/p>\n<ul>\n<li>2005 promoce na L\u00e9ka\u0159sk\u00e9 fakult\u011b Masarykovy univerzity Brno<\/li>\n<li>2011 atestace v oboru <strong>vnit\u0159n\u00ed l\u00e9ka\u0159stv\u00ed<\/strong>\u00a0(specializovan\u00e1 zp\u016fsobilost)<\/li>\n<li>2013 atestace v oboru <strong>v\u0161eobecn\u00e9 l\u00e9ka\u0159stv\u00ed<\/strong>\u00a0(specializovan\u00e1 zp\u016fsobilost)<\/li>\n<li>diplom celo\u017eivotn\u00edho vzd\u011bl\u00e1v\u00e1n\u00ed \u010cLK<\/li>\n<li>licence \u010cLK pro v\u00fdkon soukrom\u00e9 l\u00e9ka\u0159sk\u00e9 praxe, pro v\u00fdkon funkce lektor v soukrom\u00e9 praxi a pro v\u00fdkon funkce odborn\u00e9ho z\u00e1stupce<\/li>\n<\/ul>\n<p><strong>\u00a0 \u00a0 \u00a0 \u00a0 \u00a0 \u00a0 \u00a0 \u00a0 \u00a0 \u00a0 \u00a0 \u00a0 \u00a0 \u00a0 \u00a0 \u00a0 \u00a0 \u00a0 \u00a0 \u00a0 \u00a0 \u00a0 \u00a0 \u00a0 <\/strong><\/p>\n<p><strong>zku\u0161enosti <\/strong><\/p>\n<ul>\n<li>2005 &#8211; 2015 &#8211; pr\u00e1ce na pln\u00fd \u00favazek na intern\u00edm odd\u011blen\u00ed Vojensk\u00e9 nemocnice\u00a0 Brno (posledn\u00ed 2 roky na pozici vedouc\u00edho l\u00e9ka\u0159e odd\u011blen\u00ed)<\/li>\n<li>od roku 2016 pr\u00e1ce v ordinaci praktick\u00e9ho l\u00e9ka\u0159e + \u010d\u00e1ste\u010dn\u00fd \u00favazek na p\u0159\u00edjmov\u00e9 \u00a0ambulanci Vojensk\u00e9 nemocnice Brno + \u00fa\u010dast na \u00fastavn\u00ed pohotovostn\u00ed slu\u017eb\u011b<strong>\u00a0 \u00a0 \u00a0 \u00a0 \u00a0 \u00a0 \u00a0 \u00a0 \u00a0 \u00a0 \u00a0<\/strong><\/li>\n<\/ul>\n<p>&nbsp;<\/p>\n<p><strong>SESTRA:<\/strong><\/p>\n<p><strong>Zde\u0148ka Konupkov\u00e1\u00a0<\/strong>&#8211; v\u0161eobecn\u00e1 sestra, dlouholet\u00e9 zku\u0161enosti z urgentn\u00ed intern\u00ed ambulance Vojensk\u00e9 nemocnice Brno<\/p>\n<p>&nbsp;<\/p>\n<p><strong>ASISTENTKA:<\/strong><\/p>\n<p><strong>Ing. Lenka Chochl\u00edkov\u00e1<\/strong> &#8211; management ordinace, organizov\u00e1n\u00ed z\u00e1zrak\u016f na po\u010dk\u00e1n\u00ed:-)<\/p>\n","protected":false},"excerpt":{"rendered":"<p>L\u00c9KA\u0158: \u00a0 MUDr. Martin Chochl\u00edk \u00a0vzd\u011bl\u00e1n\u00ed 2005 promoce na L\u00e9ka\u0159sk\u00e9 fakult\u011b Masarykovy univerzity Brno 2011 atestace v oboru vnit\u0159n\u00ed l\u00e9ka\u0159stv\u00ed\u00a0(specializovan\u00e1 zp\u016fsobilost) 2013 atestace v oboru v\u0161eobecn\u00e9 l\u00e9ka\u0159stv\u00ed\u00a0(specializovan\u00e1 zp\u016fsobilost) diplom celo\u017eivotn\u00edho vzd\u011bl\u00e1v\u00e1n\u00ed \u010cLK licence \u010cLK pro v\u00fdkon soukrom\u00e9 l\u00e9ka\u0159sk\u00e9 praxe, pro v\u00fdkon funkce lektor v soukrom\u00e9 praxi a pro v\u00fdkon funkce odborn\u00e9ho z\u00e1stupce \u00a0 \u00a0 \u00a0 &hellip; <\/p>\n","protected":false},"author":1,"featured_media":0,"parent":0,"menu_order":0,"comment_status":"closed","ping_status":"closed","template":"","meta":{"footnotes":""},"class_list":["post-126","page","type-page","status-publish","hentry"],"aioseo_notices":[],"_links":{"self":[{"href":"https:\/\/mchochlik.cz\/index.php\/wp-json\/wp\/v2\/pages\/126","targetHints":{"allow":["GET"]}}],"collection":[{"href":"https:\/\/mchochlik.cz\/index.php\/wp-json\/wp\/v2\/pages"}],"about":[{"href":"https:\/\/mchochlik.cz\/index.php\/wp-json\/wp\/v2\/types\/page"}],"author":[{"embeddable":true,"href":"https:\/\/mchochlik.cz\/index.php\/wp-json\/wp\/v2\/users\/1"}],"replies":[{"embeddable":true,"href":"https:\/\/mchochlik.cz\/index.php\/wp-json\/wp\/v2\/comments?post=126"}],"version-history":[{"count":5,"href":"https:\/\/mchochlik.cz\/index.php\/wp-json\/wp\/v2\/pages\/126\/revisions"}],"predecessor-version":[{"id":132,"href":"https:\/\/mchochlik.cz\/index.php\/wp-json\/wp\/v2\/pages\/126\/revisions\/132"}],"wp:attachment":[{"href":"https:\/\/mchochlik.cz\/index.php\/wp-json\/wp\/v2\/media?parent=126"}],"curies":[{"name":"wp","href":"https:\/\/api.w.org\/{rel}","templated":true}]}}