{"id":2,"date":"2023-05-16T20:48:25","date_gmt":"2023-05-16T18:48:25","guid":{"rendered":"http:\/\/mchochlik.cz.white.globenet.cz\/wordpress\/?page_id=2"},"modified":"2025-06-05T09:35:39","modified_gmt":"2025-06-05T07:35:39","slug":"o-nas","status":"publish","type":"page","link":"https:\/\/mchochlik.cz\/index.php\/o-nas\/","title":{"rendered":"O n\u00e1s"},"content":{"rendered":"<meta name=\"google-site-verification\" content=\"BVfI28kfQw75PRCNCgM0rM3IQFxK_sOPhbx2pxy3JUA\" \/>\r\n\r\n<p>V\u00edtejte na str\u00e1nk\u00e1ch\u00a0<strong>v\u0161eobecn\u00e9ho praktick\u00e9ho l\u00e9ka\u0159e pro dosp\u011bl\u00e9<\/strong>, kter\u00e1 se nach\u00e1z\u00ed v\u00a0<strong>Brn\u011b, na Palack\u00e9ho t\u0159\u00edd\u011b 137<\/strong>.\u00a0<\/p>\r\n<p>&nbsp;<\/p>\r\n<p>Poskytovan\u00e9 slu\u017eby:<\/p>\r\n<ul>\r\n<li>diagnostick\u00e1 a l\u00e9\u010debn\u00e1 p\u00e9\u010de v oboru v\u0161eobecn\u00e9 praktick\u00e9 l\u00e9ka\u0159stv\u00ed (v\u010d. <strong>EKG, glukometru, oxymetru<\/strong>)<\/li>\r\n<li>ur\u010dujeme hladinu <strong>CRP<\/strong>\u00a0z kapky krve z prstu a takt\u00e9\u017e jsme schopni do 5 minut odhalit p\u0159\u00edtomnost\u00a0<strong>streptokoka<\/strong>\u00a0v krku<\/li>\r\n<li>od 1.1.2025 m\u00e1me nov\u011b v ordinaci <strong>tlakov\u00fd holter<\/strong>, k jeho nasazen\u00ed je pot\u0159eba se p\u0159edem objednat<\/li>\r\n<li>testy na <strong>okultn\u00ed krv\u00e1cen\u00ed ve stolici<\/strong> (prevence po 50. roku \u017eivota)<\/li>\r\n<li>preventivn\u00ed prohl\u00eddky<\/li>\r\n<li>o\u010dkov\u00e1n\u00ed hrazen\u00e9 ze zdravotn\u00edho poji\u0161t\u011bn\u00ed<\/li>\r\n<li>nadstandardn\u00ed o\u010dkov\u00e1n\u00ed<\/li>\r\n<li>z\u00e1vodn\u00ed p\u00e9\u010de<\/li>\r\n<\/ul>\r\n<p>&nbsp;<\/p>\r\n<p><span style=\"color: #ff0000;\"><strong>P\u0159e\u0161li jsme na objedn\u00e1vkov\u00fd syst\u00e9m &#8211; p\u0159ed n\u00e1v\u0161t\u011bvou ordinace je pot\u0159eba p\u0159edem zavolat!!!<\/strong><\/span><\/p>\r\n<p><strong>Registrace je mo\u017en\u00e1 pouze po p\u0159edchoz\u00ed tel. domluv\u011b &#8211; t.\u010d. je kapacita ordinace vy\u010derpan\u00e1.<\/strong><\/p>\r\n","protected":false},"excerpt":{"rendered":"<p>V\u00edtejte na str\u00e1nk\u00e1ch\u00a0v\u0161eobecn\u00e9ho praktick\u00e9ho l\u00e9ka\u0159e pro dosp\u011bl\u00e9, kter\u00e1 se nach\u00e1z\u00ed v\u00a0Brn\u011b, na Palack\u00e9ho t\u0159\u00edd\u011b 137.\u00a0 &nbsp; Poskytovan\u00e9 slu\u017eby: diagnostick\u00e1 a l\u00e9\u010debn\u00e1 p\u00e9\u010de v oboru v\u0161eobecn\u00e9 praktick\u00e9 l\u00e9ka\u0159stv\u00ed (v\u010d. EKG, glukometru, oxymetru) ur\u010dujeme hladinu CRP\u00a0z kapky krve z prstu a takt\u00e9\u017e jsme schopni do 5 minut odhalit p\u0159\u00edtomnost\u00a0streptokoka\u00a0v krku od 1.1.2025 m\u00e1me nov\u011b v ordinaci tlakov\u00fd &hellip; <\/p>\n","protected":false},"author":1,"featured_media":0,"parent":0,"menu_order":0,"comment_status":"closed","ping_status":"open","template":"","meta":{"footnotes":""},"class_list":["post-2","page","type-page","status-publish","hentry"],"aioseo_notices":[],"_links":{"self":[{"href":"https:\/\/mchochlik.cz\/index.php\/wp-json\/wp\/v2\/pages\/2","targetHints":{"allow":["GET"]}}],"collection":[{"href":"https:\/\/mchochlik.cz\/index.php\/wp-json\/wp\/v2\/pages"}],"about":[{"href":"https:\/\/mchochlik.cz\/index.php\/wp-json\/wp\/v2\/types\/page"}],"author":[{"embeddable":true,"href":"https:\/\/mchochlik.cz\/index.php\/wp-json\/wp\/v2\/users\/1"}],"replies":[{"embeddable":true,"href":"https:\/\/mchochlik.cz\/index.php\/wp-json\/wp\/v2\/comments?post=2"}],"version-history":[{"count":10,"href":"https:\/\/mchochlik.cz\/index.php\/wp-json\/wp\/v2\/pages\/2\/revisions"}],"predecessor-version":[{"id":289,"href":"https:\/\/mchochlik.cz\/index.php\/wp-json\/wp\/v2\/pages\/2\/revisions\/289"}],"wp:attachment":[{"href":"https:\/\/mchochlik.cz\/index.php\/wp-json\/wp\/v2\/media?parent=2"}],"curies":[{"name":"wp","href":"https:\/\/api.w.org\/{rel}","templated":true}]}}