{"id":87,"date":"2023-06-20T11:11:32","date_gmt":"2023-06-20T09:11:32","guid":{"rendered":"http:\/\/mchochlik.cz.white.globenet.cz\/wordpress\/?page_id=87"},"modified":"2023-10-11T07:43:55","modified_gmt":"2023-10-11T05:43:55","slug":"e-recept","status":"publish","type":"page","link":"https:\/\/mchochlik.cz\/index.php\/e-recept\/","title":{"rendered":"\u017d\u00e1dost o E-recept"},"content":{"rendered":"<div class=\"wpforms-container wpforms-container-full wpforms-render-modern\" id=\"wpforms-83\"><form id=\"wpforms-form-83\" class=\"wpforms-validate wpforms-form wpforms-ajax-form\" data-formid=\"83\" method=\"post\" enctype=\"multipart\/form-data\" action=\"\/index.php\/wp-json\/wp\/v2\/pages\/87\" data-token=\"07027d0e2402998d3a2aace0d569c0d5\" data-token-time=\"1777489239\"><div class=\"wpforms-head-container\"><div class=\"wpforms-title\">E-recept - \u017e\u00e1danka<\/div><\/div><noscript class=\"wpforms-error-noscript\">Chcete-li vyplnit tento formul\u00e1\u0159, pros\u00edm povolte v prohl\u00ed\u017ee\u010di JavaScript.<\/noscript><div class=\"wpforms-hidden\" id=\"wpforms-error-noscript\">Chcete-li vyplnit tento formul\u00e1\u0159, pros\u00edm povolte v prohl\u00ed\u017ee\u010di JavaScript.<\/div><div class=\"wpforms-field-container\"><div id=\"wpforms-83-field_0-container\" class=\"wpforms-field wpforms-field-name\" data-field-id=\"0\"><fieldset><legend class=\"wpforms-field-label\">Jm\u00e9no <span class=\"wpforms-required-label\" aria-hidden=\"true\">*<\/span><\/legend><div class=\"wpforms-field-row wpforms-field-medium\"><div class=\"wpforms-field-row-block wpforms-first wpforms-one-half\"><input type=\"text\" id=\"wpforms-83-field_0\" class=\"wpforms-field-name-first wpforms-field-required\" name=\"wpforms[fields][0][first]\" aria-errormessage=\"wpforms-83-field_0-error\" required><label for=\"wpforms-83-field_0\" class=\"wpforms-field-sublabel after\">K\u0159estn\u00ed jm\u00e9no<\/label><\/div><div class=\"wpforms-field-row-block wpforms-one-half\"><input type=\"text\" id=\"wpforms-83-field_0-last\" class=\"wpforms-field-name-last wpforms-field-required\" name=\"wpforms[fields][0][last]\" aria-errormessage=\"wpforms-83-field_0-last-error\" required><label for=\"wpforms-83-field_0-last\" class=\"wpforms-field-sublabel after\">P\u0159\u00edjmen\u00ed<\/label><\/div><\/div><\/fieldset><\/div><div id=\"wpforms-83-field_1-container\" class=\"wpforms-field wpforms-field-email\" data-field-id=\"1\"><label class=\"wpforms-field-label\" for=\"wpforms-83-field_1\">E-mail <span class=\"wpforms-required-label\" aria-hidden=\"true\">*<\/span><\/label><input type=\"email\" id=\"wpforms-83-field_1\" class=\"wpforms-field-medium wpforms-field-required\" name=\"wpforms[fields][1]\" spellcheck=\"false\" aria-errormessage=\"wpforms-83-field_1-error\" required><\/div><div id=\"wpforms-83-field_2-container\" class=\"wpforms-field wpforms-field-textarea\" data-field-id=\"2\"><label class=\"wpforms-field-label\" for=\"wpforms-83-field_2\">Va\u0161e zpr\u00e1va <span class=\"wpforms-required-label\" aria-hidden=\"true\">*<\/span><\/label><textarea id=\"wpforms-83-field_2\" class=\"wpforms-field-medium wpforms-field-required\" name=\"wpforms[fields][2]\" aria-errormessage=\"wpforms-83-field_2-error\" required><\/textarea><\/div><\/div><!-- .wpforms-field-container --><div class=\"wpforms-submit-container\" ><input type=\"hidden\" name=\"wpforms[id]\" value=\"83\"><input type=\"hidden\" name=\"page_title\" value=\"\"><input type=\"hidden\" name=\"page_url\" value=\"https:\/\/mchochlik.cz\/index.php\/wp-json\/wp\/v2\/pages\/87\"><input type=\"hidden\" name=\"url_referer\" value=\"\"><button type=\"submit\" name=\"wpforms[submit]\" id=\"wpforms-submit-83\" class=\"wpforms-submit\" data-alt-text=\"Odes\u00edl\u00e1ni...\" data-submit-text=\"Odeslat\" aria-live=\"assertive\" value=\"wpforms-submit\">Odeslat<\/button><img decoding=\"async\" src=\"https:\/\/mchochlik.cz\/wp-content\/plugins\/wpforms-lite\/assets\/images\/submit-spin.svg\" class=\"wpforms-submit-spinner\" style=\"display: none;\" width=\"26\" height=\"26\" alt=\"Na\u010d\u00edt\u00e1n\u00ed\"><\/div><\/form><\/div>  <!-- .wpforms-container -->\n","protected":false},"excerpt":{"rendered":"","protected":false},"author":1,"featured_media":0,"parent":0,"menu_order":0,"comment_status":"closed","ping_status":"closed","template":"","meta":{"footnotes":""},"class_list":["post-87","page","type-page","status-publish","hentry"],"aioseo_notices":[],"_links":{"self":[{"href":"https:\/\/mchochlik.cz\/index.php\/wp-json\/wp\/v2\/pages\/87","targetHints":{"allow":["GET"]}}],"collection":[{"href":"https:\/\/mchochlik.cz\/index.php\/wp-json\/wp\/v2\/pages"}],"about":[{"href":"https:\/\/mchochlik.cz\/index.php\/wp-json\/wp\/v2\/types\/page"}],"author":[{"embeddable":true,"href":"https:\/\/mchochlik.cz\/index.php\/wp-json\/wp\/v2\/users\/1"}],"replies":[{"embeddable":true,"href":"https:\/\/mchochlik.cz\/index.php\/wp-json\/wp\/v2\/comments?post=87"}],"version-history":[{"count":2,"href":"https:\/\/mchochlik.cz\/index.php\/wp-json\/wp\/v2\/pages\/87\/revisions"}],"predecessor-version":[{"id":172,"href":"https:\/\/mchochlik.cz\/index.php\/wp-json\/wp\/v2\/pages\/87\/revisions\/172"}],"wp:attachment":[{"href":"https:\/\/mchochlik.cz\/index.php\/wp-json\/wp\/v2\/media?parent=87"}],"curies":[{"name":"wp","href":"https:\/\/api.w.org\/{rel}","templated":true}]}}