{"id":98,"date":"2023-08-30T17:39:13","date_gmt":"2023-08-30T15:39:13","guid":{"rendered":"http:\/\/mchochlik.cz.white.globenet.cz\/wordpress\/?page_id=98"},"modified":"2026-04-02T15:32:53","modified_gmt":"2026-04-02T13:32:53","slug":"ordinacni-doba-nepritomnost","status":"publish","type":"page","link":"https:\/\/mchochlik.cz\/index.php\/ordinacni-doba-nepritomnost\/","title":{"rendered":"Ordina\u010dn\u00ed doba"},"content":{"rendered":"<div id=\"Id0436590deff45c4f1bf462f17313dab\" class=\"Layout1_Default\">\n<div class=\"column_Id0436590deff45c4f1bf462f17313dab column_divider\">\n<div id=\"Left_Id0436590deff45c4f1bf462f17313dab\" class=\"left\">\n<div id=\"I084335638b90469e92e02e0f66774bb1\" class=\"Text_2_Default\">\n<div id=\"I084335638b90469e92e02e0f66774bb1_sys_txt\" class=\"sys_txt sys_text_widget new-text-widget\">\n<p><span style=\"color: #ff0000;\"><b>P\u0159e\u0161li jsme na objedn\u00e1vkov\u00fd syst\u00e9m, p\u0159ed n\u00e1v\u0161t\u011bvou ordinace je pot\u0159eba v\u017edy zavolat!!!<\/b><\/span><\/p>\n<p>&nbsp;<\/p>\n<p><strong>Na\u0161e ordina\u010dn\u00ed doba:<\/strong><\/p>\n<p><strong>Pond\u011bl\u00ed<\/strong> \u00a0\u00a0\u00a0\u00a0 7:00 &#8211; 12:00 \u00a0 \u00a0 \u00a0 (<strong>zva<\/strong><strong>n\u00ed<\/strong> <strong>pacienti<\/strong> 12:00 &#8211; 13:00)<\/p>\n<p><strong>\u00dater\u00fd\u00a0\u00a0<\/strong>\u00a0 \u00a0 \u00a0 \u00a0 7:00 &#8211; 12:00 \u00a0 \u00a0 \u00a0 <strong>(zvan\u00ed<\/strong> <strong>pacienti <\/strong>12:00 &#8211; 14:00)<\/p>\n<p><strong>St\u0159eda\u00a0\u00a0<\/strong>\u00a0 \u00a0 \u00a0 7:00 &#8211; 12:00 \u00a0 \u00a0 \u00a0 <strong>(zvan\u00ed<\/strong> <strong>pacienti <\/strong>12:00 &#8211; 13:00)<\/p>\n<p><strong>\u010ctvrtek<\/strong>\u00a0 \u00a0 \u00a0 13:00 &#8211; 15:00 \u00a0 \u00a0 \u00a0\u00a0<strong>(zvan\u00ed pacienti<\/strong>\u00a015:00 &#8211; 18:00)<\/p>\n<p><strong>P\u00e1tek<\/strong>\u00a0 \u00a0 \u00a0 \u00a0 \u00a0 \u00a07:00 &#8211; 11:00 \u00a0 \u00a0 \u00a0 <strong>(zvan\u00ed pacienti <\/strong>11:00 &#8211; 13:00)<\/p>\n<\/div>\n<\/div>\n<\/div>\n<div id=\"Right_Id0436590deff45c4f1bf462f17313dab\" class=\"right\">\n<div id=\"Iee06fda4cd2d414ce6e9223460a7c552\" class=\"Text_2_Default\">\n<div id=\"Iee06fda4cd2d414ce6e9223460a7c552_sys_txt\" class=\"sys_txt sys_text_widget new-text-widget\">\n<p>&nbsp;<\/p>\n<\/div>\n<\/div>\n<\/div>\n<\/div>\n<\/div>\n<div id=\"I3c7ad68ea1754d01ea5ac42c0bfd30e0\" class=\"Text_2_Default\">\n<div id=\"I3c7ad68ea1754d01ea5ac42c0bfd30e0_sys_txt\" class=\"sys_txt sys_text_widget new-text-widget\">\n<p>&nbsp;<\/p>\n<p><strong>Odb\u011bry<\/strong> krve \u00a07:00 &#8211; 8:30<\/p>\n<p>Kontroly <strong>pr\u00e1ce neschopn\u00fdch<\/strong> \u00a08:30 &#8211; 10:00<\/p>\n<p><strong>V dob\u011b pro zvan\u00e9 pacienty neobsluhujeme telefony.<\/strong><\/p>\n<\/div>\n<\/div>\n","protected":false},"excerpt":{"rendered":"<p>P\u0159e\u0161li jsme na objedn\u00e1vkov\u00fd syst\u00e9m, p\u0159ed n\u00e1v\u0161t\u011bvou ordinace je pot\u0159eba v\u017edy zavolat!!! &nbsp; Na\u0161e ordina\u010dn\u00ed doba: Pond\u011bl\u00ed \u00a0\u00a0\u00a0\u00a0 7:00 &#8211; 12:00 \u00a0 \u00a0 \u00a0 (zvan\u00ed pacienti 12:00 &#8211; 13:00) \u00dater\u00fd\u00a0\u00a0\u00a0 \u00a0 \u00a0 \u00a0 7:00 &#8211; 12:00 \u00a0 \u00a0 \u00a0 (zvan\u00ed pacienti 12:00 &#8211; 14:00) St\u0159eda\u00a0\u00a0\u00a0 \u00a0 \u00a0 7:00 &#8211; 12:00 \u00a0 \u00a0 \u00a0 (zvan\u00ed pacienti &hellip; <\/p>\n","protected":false},"author":1,"featured_media":0,"parent":0,"menu_order":0,"comment_status":"closed","ping_status":"closed","template":"","meta":{"footnotes":""},"class_list":["post-98","page","type-page","status-publish","hentry"],"aioseo_notices":[],"_links":{"self":[{"href":"https:\/\/mchochlik.cz\/index.php\/wp-json\/wp\/v2\/pages\/98","targetHints":{"allow":["GET"]}}],"collection":[{"href":"https:\/\/mchochlik.cz\/index.php\/wp-json\/wp\/v2\/pages"}],"about":[{"href":"https:\/\/mchochlik.cz\/index.php\/wp-json\/wp\/v2\/types\/page"}],"author":[{"embeddable":true,"href":"https:\/\/mchochlik.cz\/index.php\/wp-json\/wp\/v2\/users\/1"}],"replies":[{"embeddable":true,"href":"https:\/\/mchochlik.cz\/index.php\/wp-json\/wp\/v2\/comments?post=98"}],"version-history":[{"count":13,"href":"https:\/\/mchochlik.cz\/index.php\/wp-json\/wp\/v2\/pages\/98\/revisions"}],"predecessor-version":[{"id":351,"href":"https:\/\/mchochlik.cz\/index.php\/wp-json\/wp\/v2\/pages\/98\/revisions\/351"}],"wp:attachment":[{"href":"https:\/\/mchochlik.cz\/index.php\/wp-json\/wp\/v2\/media?parent=98"}],"curies":[{"name":"wp","href":"https:\/\/api.w.org\/{rel}","templated":true}]}}